{"id":50538,"date":"2016-05-20T13:45:13","date_gmt":"2016-05-20T11:45:13","guid":{"rendered":"http:\/\/www.soundandlife.com\/blog\/?page_id=50538"},"modified":"2020-10-17T21:06:49","modified_gmt":"2020-10-17T19:06:49","slug":"actividades","status":"publish","type":"page","link":"https:\/\/www.soundandlife.com\/blog\/actividades\/","title":{"rendered":"Actividades"},"content":{"rendered":"<p>[vc_row css_animation=\u00bb\u00bb row_type=\u00bbrow\u00bb use_row_as_full_screen_section=\u00bbno\u00bb type=\u00bbfull_width\u00bb text_align=\u00bbleft\u00bb video=\u00bb\u00bb box_shadow_on_row=\u00bbno\u00bb][vc_column][vc_text_separator title=\u00bbFORMACI\u00d3N PROFESIONAL DE BIOAC\u00daSTICA\u00bb text_in_box=\u00bbyes\u00bb text_position=\u00bbcenter\u00bb box_border_style=\u00bbsolid\u00bb line_border_style=\u00bbsolid\u00bb line_dots=\u00bbno\u00bb][vc_empty_space image_repeat=\u00bbno-repeat\u00bb][vc_row_inner row_type=\u00bbrow\u00bb type=\u00bbfull_width\u00bb use_row_as_full_screen_section_slide=\u00bbno\u00bb text_align=\u00bbleft\u00bb css_animation=\u00bb\u00bb box_shadow_on_row=\u00bbno\u00bb][vc_column_inner width=\u00bb1\/2&#8243;][vc_single_image image=\u00bb53614&#8243; img_size=\u00bb1080 x 1080&#8243; eltd_css_animation=\u00bb\u00bb][\/vc_column_inner][vc_column_inner width=\u00bb1\/2&#8243;][vc_column_text]<\/p>\n<p style=\"text-align: center;\"><span style=\"color: #008080;\"><strong><span class=\"s3\"><span style=\"color: #ff6600;\">NUEVA EDICI\u00d3N\u00a0 ONLINE 2020 -2021<br \/>\n<\/span><br \/>\n<\/span><span class=\"s3\"><span style=\"color: #808080;\">FORMACI\u00d3N PROFESIONAL DE BIOAC\u00daSTICA<\/span><\/span><span class=\"s3\"><br \/>\n<span style=\"color: #808080;\">APLICADA\u00a0<\/span><\/span><\/strong><\/span><strong><span style=\"color: #808080;\">AL BIENESTAR HUMANO Y ANIMAL<\/span><\/strong><\/p>\n<p style=\"text-align: center;\"><span style=\"color: #808080;\">A tu ritmo!<\/span><\/p>\n<p>*<b><\/b><\/p>\n<p style=\"text-align: center;\"><span style=\"color: #800000;\"><strong>Informaci\u00f3n General<\/strong><\/span><\/p>\n<p style=\"text-align: center;\"><span style=\"color: #008080;\"><a style=\"color: #008080;\" href=\"https:\/\/www.soundandlife.com\/blog\/wp-content\/uploads\/2020\/09\/PRESENTACION-FORMACI\u00d3N-PROFESIONAL-2020-2021.pdf\">https:\/\/www.soundandlife.com\/blog\/wp-content\/uploads\/2020\/09\/PRESENTACION-FORMACI\u00d3N-PROFESIONAL-2020-2021.pdf<\/a><\/span><\/p>\n<p style=\"text-align: center;\"><span style=\"color: #800000;\"><strong>*<br \/>\nContenidos e inscripci\u00f3n:\u00a0<\/strong><\/span><br \/>\n<strong><span style=\"color: #808080;\"><a style=\"color: #808080;\" href=\"https:\/\/soundandlife.nubily-educa.com\">https:\/\/soundandlife.nubily-educa.com<\/a><\/span><\/strong><\/p>\n<p>__________________________<\/p>\n<p style=\"text-align: center;\"><span style=\"color: #808080;\"><b>Para m\u00e1s informaci\u00f3n escr\u00edbenos\u00a0a:<\/b><\/span><br \/>\n<a style=\"font-weight: bold;\" href=\"info@soundandlife.com\">info@soundandlife.com\u00a0<\/a><br \/>\n<span style=\"color: #808080;\">whatssap: 620 129 931<\/span><\/p>\n<p style=\"text-align: center;\"><span style=\"color: #008080;\"><strong>\u00a0<\/strong><\/span><\/p>\n<p>[\/vc_column_text][\/vc_column_inner][\/vc_row_inner][vc_empty_space image_repeat=\u00bbno-repeat\u00bb][vc_text_separator title=\u00bbSONIDOS DE LA TIERRA COMO MEDICINA &#8211; NIVEL B\u00c1SICO\u00bb text_in_box=\u00bbyes\u00bb text_position=\u00bbcenter\u00bb box_border_style=\u00bbsolid\u00bb line_border_style=\u00bbsolid\u00bb line_dots=\u00bbno\u00bb][vc_empty_space image_repeat=\u00bbno-repeat\u00bb][\/vc_column][\/vc_row][vc_row css_animation=\u00bb\u00bb row_type=\u00bbrow\u00bb use_row_as_full_screen_section=\u00bbno\u00bb type=\u00bbfull_width\u00bb text_align=\u00bbleft\u00bb video=\u00bb\u00bb box_shadow_on_row=\u00bbno\u00bb][vc_column][vc_row_inner row_type=\u00bbrow\u00bb type=\u00bbfull_width\u00bb use_row_as_full_screen_section_slide=\u00bbno\u00bb text_align=\u00bbleft\u00bb css_animation=\u00bb\u00bb box_shadow_on_row=\u00bbno\u00bb][vc_column_inner width=\u00bb1\/2&#8243;][vc_single_image image=\u00bb53616&#8243; img_size=\u00bblarge\u00bb eltd_css_animation=\u00bb\u00bb][\/vc_column_inner][vc_column_inner width=\u00bb1\/2&#8243;][vc_column_text]<\/p>\n<p style=\"text-align: center;\"><strong><span style=\"color: #993300;\">NUEVO<\/span><\/strong><\/p>\n<p style=\"text-align: center;\"><strong>SONIDOS DE LA TIERRA COMO MEDICINA<\/strong><br \/>\nFormaci\u00f3n b\u00e1sica para la aplicaci\u00f3n terap\u00e9utica de los sonidos de la naturaleza en el hogar y en espacios de trabajo<\/p>\n<p style=\"text-align: center;\">\u00a0<span style=\"color: #008080;\">Online\u00a0 \/ A tu ritmo<\/span><\/p>\n<p style=\"text-align: center;\"><span style=\"color: #008080;\"><span style=\"color: #008080;\"><b><span style=\"color: #000000;\">*<\/span><br \/>\nInformaci\u00f3n<\/b><\/span><strong style=\"color: #008080;\">\u00a0detallada de contenidos<br \/>\nhttps:\/\/www.soundandlife.com\/blog\/formacion-bioacustica-practica-nivel-usuario-avanzado\/<\/strong><\/span><\/p>\n<p>&nbsp;<\/p>\n<p style=\"text-align: center;\"><strong>Inscripciones\u00a0<\/strong><\/p>\n<p style=\"text-align: center;\"><a href=\"https:\/\/soundandlife.nubily-educa.com\/\">https:\/\/soundandlife.nubily-educa.com\/educa\/el-sonido-de-la-tierra-como-medicina-parte-i\/menu.html?account=sound-and-life<\/a><\/p>\n<p style=\"text-align: center;\"><strong>informaci\u00f3n:\u00a0<\/strong><br \/>\ninfo@soundandlife.com<\/p>\n<p>[\/vc_column_text][\/vc_column_inner][\/vc_row_inner][vc_empty_space image_repeat=\u00bbno-repeat\u00bb][vc_empty_space image_repeat=\u00bbno-repeat\u00bb][vc_separator type=\u00bbnormal\u00bb][vc_empty_space image_repeat=\u00bbno-repeat\u00bb][vc_text_separator title=\u00bbProximamente\u00bb text_in_box=\u00bbyes\u00bb text_position=\u00bbcenter\u00bb box_border_style=\u00bbsolid\u00bb line_border_style=\u00bbsolid\u00bb line_dots=\u00bbno\u00bb][vc_empty_space image_repeat=\u00bbno-repeat\u00bb][\/vc_column][\/vc_row][vc_row css_animation=\u00bb\u00bb row_type=\u00bbrow\u00bb use_row_as_full_screen_section=\u00bbno\u00bb type=\u00bbfull_width\u00bb text_align=\u00bbleft\u00bb video=\u00bb\u00bb box_shadow_on_row=\u00bbno\u00bb][vc_column][vc_empty_space image_repeat=\u00bbno-repeat\u00bb][vc_text_separator title=\u00bbLA COMUNICACI\u00d3N CONSCIENTE CON LA NATURALEZA\u00bb text_in_box=\u00bbyes\u00bb text_position=\u00bbcenter\u00bb box_border_style=\u00bbsolid\u00bb line_border_style=\u00bbsolid\u00bb line_dots=\u00bbno\u00bb][vc_empty_space image_repeat=\u00bbno-repeat\u00bb][\/vc_column][\/vc_row][vc_row css_animation=\u00bb\u00bb row_type=\u00bbrow\u00bb use_row_as_full_screen_section=\u00bbno\u00bb type=\u00bbfull_width\u00bb text_align=\u00bbleft\u00bb video=\u00bb\u00bb box_shadow_on_row=\u00bbno\u00bb][vc_column width=\u00bb1\/2&#8243;][vc_single_image image=\u00bb53061&#8243; img_size=\u00bb1100&#215;600&#8243; eltd_css_animation=\u00bb\u00bb][\/vc_column][vc_column width=\u00bb1\/2&#8243;][vc_column_text]<\/p>\n<p style=\"text-align: center;\"><strong><span style=\"color: #993300;\">NUEVO<\/span><\/strong><\/p>\n<p style=\"text-align: center;\"><strong><span style=\"color: #008080;\">LA COMUNICACI\u00d3N CONSCIENTE CON LA NATURALEZA<\/span><\/strong><\/p>\n<p style=\"text-align: center;\"><strong><span style=\"color: #008080;\">Y\u00a0<\/span><\/strong><\/p>\n<p style=\"text-align: center;\"><strong><span style=\"color: #008080;\">EL ACOMPA\u00d1AMIENTO TERAP\u00c9UTICO POR ESPACIOS NATURALES<\/span><\/strong><\/p>\n<p style=\"text-align: center;\"><span style=\"color: #333333;\">Formaci\u00f3n online con practicas presenciales en la Naturaleza<\/span><\/p>\n<p>[\/vc_column_text][\/vc_column][\/vc_row][vc_row css_animation=\u00bb\u00bb row_type=\u00bbrow\u00bb use_row_as_full_screen_section=\u00bbno\u00bb type=\u00bbfull_width\u00bb text_align=\u00bbleft\u00bb video=\u00bb\u00bb box_shadow_on_row=\u00bbno\u00bb][vc_column][vc_empty_space image_repeat=\u00bbno-repeat\u00bb][vc_empty_space image_repeat=\u00bbno-repeat\u00bb][vc_separator type=\u00bbnormal\u00bb][\/vc_column][\/vc_row][vc_row css_animation=\u00bb\u00bb row_type=\u00bbrow\u00bb use_row_as_full_screen_section=\u00bbno\u00bb type=\u00bbfull_width\u00bb text_align=\u00bbleft\u00bb video=\u00bb\u00bb box_shadow_on_row=\u00bbno\u00bb][vc_column][vc_separator type=\u00bbnormal\u00bb][\/vc_column][vc_column][\/vc_column][\/vc_row]<\/p>\n","protected":false},"excerpt":{"rendered":"<p>[vc_row css_animation=\u00bb\u00bb row_type=\u00bbrow\u00bb use_row_as_full_screen_section=\u00bbno\u00bb type=\u00bbfull_width\u00bb text_align=\u00bbleft\u00bb video=\u00bb\u00bb box_shadow_on_row=\u00bbno\u00bb][vc_column][vc_text_separator title=\u00bbFORMACI\u00d3N PROFESIONAL DE BIOAC\u00daSTICA\u00bb text_in_box=\u00bbyes\u00bb text_position=\u00bbcenter\u00bb box_border_style=\u00bbsolid\u00bb line_border_style=\u00bbsolid\u00bb line_dots=\u00bbno\u00bb][vc_empty_space image_repeat=\u00bbno-repeat\u00bb][vc_row_inner row_type=\u00bbrow\u00bb type=\u00bbfull_width\u00bb use_row_as_full_screen_section_slide=\u00bbno\u00bb text_align=\u00bbleft\u00bb css_animation=\u00bb\u00bb box_shadow_on_row=\u00bbno\u00bb][vc_column_inner width=\u00bb1\/2&#8243;][vc_single_image image=\u00bb53614&#8243; img_size=\u00bb1080 x 1080&#8243; eltd_css_animation=\u00bb\u00bb][\/vc_column_inner][vc_column_inner width=\u00bb1\/2&#8243;][vc_column_text] NUEVA EDICI\u00d3N\u00a0 ONLINE 2020 -2021 FORMACI\u00d3N PROFESIONAL DE BIOAC\u00daSTICA APLICADA\u00a0AL BIENESTAR HUMANO Y ANIMAL&#8230;<\/p>\n","protected":false},"author":2,"featured_media":0,"parent":0,"menu_order":0,"comment_status":"closed","ping_status":"closed","template":"","meta":[],"_links":{"self":[{"href":"https:\/\/www.soundandlife.com\/blog\/wp-json\/wp\/v2\/pages\/50538"}],"collection":[{"href":"https:\/\/www.soundandlife.com\/blog\/wp-json\/wp\/v2\/pages"}],"about":[{"href":"https:\/\/www.soundandlife.com\/blog\/wp-json\/wp\/v2\/types\/page"}],"author":[{"embeddable":true,"href":"https:\/\/www.soundandlife.com\/blog\/wp-json\/wp\/v2\/users\/2"}],"replies":[{"embeddable":true,"href":"https:\/\/www.soundandlife.com\/blog\/wp-json\/wp\/v2\/comments?post=50538"}],"version-history":[{"count":340,"href":"https:\/\/www.soundandlife.com\/blog\/wp-json\/wp\/v2\/pages\/50538\/revisions"}],"predecessor-version":[{"id":53617,"href":"https:\/\/www.soundandlife.com\/blog\/wp-json\/wp\/v2\/pages\/50538\/revisions\/53617"}],"wp:attachment":[{"href":"https:\/\/www.soundandlife.com\/blog\/wp-json\/wp\/v2\/media?parent=50538"}],"curies":[{"name":"wp","href":"https:\/\/api.w.org\/{rel}","templated":true}]}}